{"id":28002,"date":"2016-06-15T10:57:28","date_gmt":"2016-06-15T10:57:28","guid":{"rendered":"http:\/\/kemafoodculture.com\/?page_id=28002"},"modified":"2026-03-12T17:01:02","modified_gmt":"2026-03-12T17:01:02","slug":"servicios","status":"publish","type":"page","link":"https:\/\/kemafoodculture.com\/en\/servicios\/","title":{"rendered":"SERVICES"},"content":{"rendered":"<div class=\"wpb-content-wrapper\"><div class=\"vc_row wpb_row vc_row-fluid\"><div class=\"wpb_column vc_column_container vc_col-sm-12\"><div class=\"vc_column-inner\"><div class=\"wpb_wrapper\"><div class=\"vc_empty_space\"   style=\"height: 70px\"><span class=\"vc_empty_space_inner\"><\/span><\/div><\/div><\/div><\/div><\/div><div class=\"vc_row wpb_row vc_row-fluid\"><div class=\"wpb_column vc_column_container vc_col-sm-12\"><div class=\"vc_column-inner\"><div class=\"wpb_wrapper\">\n\t<div class=\"wpb_text_column wpb_content_element\" >\n\t\t<div class=\"wpb_wrapper\">\n\t\t\t<h2><span style=\"font-family: helvetica; color: #ebebeb;\"><strong>ART DIRECTION<\/strong><\/span><\/h2>\n<p><span style=\"font-family: helvetica; font-size: 17px; color: #ebebeb;\">Specialized in the gastronomic world and for all kinds of projects. We can start a project from scratch or start from an existing one to create a visual line that perfectly fits the needs of each brand and what it wants to communicate. We will work on creativity, organization and production before each shooting.<\/span><\/p>\n\n\t\t<\/div>\n\t<\/div>\n<\/div><\/div><\/div><\/div><div class=\"vc_row wpb_row vc_row-fluid\"><div class=\"wpb_column vc_column_container vc_col-sm-12\"><div class=\"vc_column-inner\"><div class=\"wpb_wrapper\">\n\t<div class=\"wpb_text_column wpb_content_element\" >\n\t\t<div class=\"wpb_wrapper\">\n\t\t\t<h2><span style=\"font-family: helvetica;\"><strong>COMMERCIAL PHOTOGRAPHY<\/strong><\/span><\/h2>\n<p><span style=\"font-family: helvetica; font-size: 17px;\">Normalmente para agencias de publicidad o marketing con clientes del mundo gastro, ya sean marcas de alimentaci\u00f3n, restaurantes u otros proyectos gastron\u00f3micos.\u00a0 En estos casos solemos trabajar en mi estudio, pero tambi\u00e9n podemos en otras localizaciones, todo depende del proyecto.<\/span><\/p>\n\n\t\t<\/div>\n\t<\/div>\n<\/div><\/div><\/div><\/div><div class=\"vc_row wpb_row vc_row-fluid\"><div class=\"wpb_column vc_column_container vc_col-sm-12\"><div class=\"vc_column-inner\"><div class=\"wpb_wrapper\">\n\t<div class=\"wpb_text_column wpb_content_element\" >\n\t\t<div class=\"wpb_wrapper\">\n\t\t\t<h2><span style=\"font-family: helvetica;\"><strong>RESTAURANT PHOTOGRAPHY<\/strong><\/span><\/h2>\n<p><span style=\"font-family: helvetica; font-size: 17px;\">More focused on the world of hospitality and located in restaurants, bars, cocktail bars and hotels, among other gastronomic projects. We can create content for both networks and the website and other media. Focused on reflecting the essence of each location and project, its gastronomy, space and above all the team.<\/span><\/p>\n\n\t\t<\/div>\n\t<\/div>\n<\/div><\/div><\/div><\/div><div class=\"vc_row wpb_row vc_row-fluid\"><div class=\"wpb_column vc_column_container vc_col-sm-12\"><div class=\"vc_column-inner\"><div class=\"wpb_wrapper\">\n\t<div class=\"wpb_text_column wpb_content_element\" >\n\t\t<div class=\"wpb_wrapper\">\n\t\t\t<h2><span style=\"font-family: helvetica;\"><strong>FOOD STYLING<\/strong><\/span><\/h2>\n<p><span style=\"font-family: helvetica; font-size: 17px;\">It is usually a complement to advertising photography projects above all. Depending on the needs, I can take charge myself (for example in video productions), on the other occasions when I can't (when I am usually the photographer), I have an incredible portfolio of collaborators with whom I work as a team but who are like family.<\/span><\/p>\n\n\t\t<\/div>\n\t<\/div>\n<\/div><\/div><\/div><\/div><div class=\"vc_row wpb_row vc_row-fluid\"><div class=\"wpb_column vc_column_container vc_col-sm-12\"><div class=\"vc_column-inner\"><div class=\"wpb_wrapper\">\n\t<div class=\"wpb_text_column wpb_content_element\" >\n\t\t<div class=\"wpb_wrapper\">\n\t\t\t<h2><span style=\"font-family: helvetica;\"><strong>ESTILISMO DE ESCENA<\/strong><\/span><\/h2>\n<p><span style=\"font-family: helvetica; font-size: 17px;\">O Prop Styling, tambi\u00e9n es un complemento a la fotograf\u00eda publicitar\u00eda. Me encargar\u00e9 de encontrar todos los props necesarios para cada producci\u00f3n, ya sean de mi colecci\u00f3n o alquilando y comprando el material. Puede ser tanto para fotograf\u00eda, con proyectos que yo dirija o uni\u00e9ndome a otros equipos como video producciones por ejemplo.<\/span><\/p>\n\n\t\t<\/div>\n\t<\/div>\n<\/div><\/div><\/div><\/div><div class=\"vc_row wpb_row vc_row-fluid\"><div class=\"wpb_column vc_column_container vc_col-sm-12\"><div class=\"vc_column-inner\"><div class=\"wpb_wrapper\"><div class=\"vc_empty_space\"   style=\"height: 100px\"><span class=\"vc_empty_space_inner\"><\/span><\/div><\/div><\/div><\/div><\/div>\n<\/div>","protected":false},"excerpt":{"rendered":"DIRECCION DE ARTE Especializada en el mundo gastron\u00f3mico y para todo tipo de proyectos. Podemos empezar un proyecto desde cero o partir de uno ya existente para crear una linea visual que cuadre a la perfecci\u00f3n con las necesidades de cada marca y lo que quiera comunicar. Trabajaremos tanto la creatividad como la organizaci\u00f3n y ...","protected":false},"author":1,"featured_media":0,"parent":0,"menu_order":0,"comment_status":"closed","ping_status":"closed","template":"","meta":{"footnotes":"","_links_to":"","_links_to_target":""},"class_list":["post-28002","page","type-page","status-publish","hentry"],"yoast_head":"<!-- This site is optimized with the Yoast SEO plugin v27.2 - https:\/\/yoast.com\/product\/yoast-seo-wordpress\/ -->\n<title>Estudio especializado en el sector gastron\u00f3mico en Barcelona<\/title>\n<meta name=\"description\" content=\"Estamos especializados en el sector gastron\u00f3mico y en crear producciones para marcas, agencias, estudios o productoras, fotografia de alimentos, estilismo..\" \/>\n<meta name=\"robots\" content=\"index, follow, max-snippet:-1, max-image-preview:large, max-video-preview:-1\" \/>\n<link rel=\"canonical\" href=\"https:\/\/kemafoodculture.com\/en\/servicios\/\" \/>\n<meta property=\"og:locale\" content=\"en_GB\" \/>\n<meta property=\"og:type\" content=\"article\" \/>\n<meta property=\"og:title\" content=\"Estudio especializado en el sector gastron\u00f3mico en Barcelona\" \/>\n<meta property=\"og:description\" content=\"Estamos especializados en el sector gastron\u00f3mico y en crear producciones para marcas, agencias, estudios o productoras, fotografia de alimentos, estilismo..\" \/>\n<meta property=\"og:url\" content=\"https:\/\/kemafoodculture.com\/en\/servicios\/\" \/>\n<meta property=\"og:site_name\" content=\"KEMA Food Culture\" \/>\n<meta property=\"article:publisher\" content=\"https:\/\/www.facebook.com\/kemafoodculture?ref=hl\" \/>\n<meta property=\"article:modified_time\" content=\"2026-03-12T17:01:02+00:00\" \/>\n<meta name=\"twitter:card\" content=\"summary_large_image\" \/>\n<meta name=\"twitter:label1\" content=\"Estimated reading time\" \/>\n\t<meta name=\"twitter:data1\" content=\"2 minutes\" \/>\n<script type=\"application\/ld+json\" class=\"yoast-schema-graph\">{\"@context\":\"https:\/\/schema.org\",\"@graph\":[{\"@type\":\"WebPage\",\"@id\":\"https:\/\/kemafoodculture.com\/servicios\/\",\"url\":\"https:\/\/kemafoodculture.com\/servicios\/\",\"name\":\"Estudio especializado en el sector gastron\u00f3mico en Barcelona\",\"isPartOf\":{\"@id\":\"https:\/\/kemafoodculture.com\/#website\"},\"datePublished\":\"2016-06-15T10:57:28+00:00\",\"dateModified\":\"2026-03-12T17:01:02+00:00\",\"description\":\"Estamos especializados en el sector gastron\u00f3mico y en crear producciones para marcas, agencias, estudios o productoras, fotografia de alimentos, estilismo..\",\"breadcrumb\":{\"@id\":\"https:\/\/kemafoodculture.com\/servicios\/#breadcrumb\"},\"inLanguage\":\"en-GB\",\"potentialAction\":[{\"@type\":\"ReadAction\",\"target\":[\"https:\/\/kemafoodculture.com\/servicios\/\"]}]},{\"@type\":\"BreadcrumbList\",\"@id\":\"https:\/\/kemafoodculture.com\/servicios\/#breadcrumb\",\"itemListElement\":[{\"@type\":\"ListItem\",\"position\":1,\"name\":\"Portada\",\"item\":\"https:\/\/kemafoodculture.com\/\"},{\"@type\":\"ListItem\",\"position\":2,\"name\":\"SERVICIOS\"}]},{\"@type\":\"WebSite\",\"@id\":\"https:\/\/kemafoodculture.com\/#website\",\"url\":\"https:\/\/kemafoodculture.com\/\",\"name\":\"KEMA Food Culture\",\"description\":\"Fotograf\u00eda Gastron\u00f3mica Barcelona\",\"publisher\":{\"@id\":\"https:\/\/kemafoodculture.com\/#organization\"},\"alternateName\":\"kemafoodculture.com\",\"potentialAction\":[{\"@type\":\"SearchAction\",\"target\":{\"@type\":\"EntryPoint\",\"urlTemplate\":\"https:\/\/kemafoodculture.com\/?s={search_term_string}\"},\"query-input\":{\"@type\":\"PropertyValueSpecification\",\"valueRequired\":true,\"valueName\":\"search_term_string\"}}],\"inLanguage\":\"en-GB\"},{\"@type\":\"Organization\",\"@id\":\"https:\/\/kemafoodculture.com\/#organization\",\"name\":\"Kema Food Culture\",\"alternateName\":\"kemafoodculture.com\",\"url\":\"https:\/\/kemafoodculture.com\/\",\"logo\":{\"@type\":\"ImageObject\",\"inLanguage\":\"en-GB\",\"@id\":\"https:\/\/kemafoodculture.com\/#\/schema\/logo\/image\/\",\"url\":\"https:\/\/kemafoodculture.com\/wp-content\/uploads\/2026\/03\/cropped-cropped-LOGO-NUEVO-2026_BLANCO.png\",\"contentUrl\":\"https:\/\/kemafoodculture.com\/wp-content\/uploads\/2026\/03\/cropped-cropped-LOGO-NUEVO-2026_BLANCO.png\",\"width\":1000,\"height\":563,\"caption\":\"Kema Food Culture\"},\"image\":{\"@id\":\"https:\/\/kemafoodculture.com\/#\/schema\/logo\/image\/\"},\"sameAs\":[\"https:\/\/www.facebook.com\/kemafoodculture?ref=hl\",\"https:\/\/www.instagram.com\/kema_foodculture\/\",\"https:\/\/www.linkedin.com\/company\/kema-food-culture?trk=biz-companies-cym\",\"https:\/\/es.pinterest.com\/kemafoodculture\/\"]}]}<\/script>\n<!-- \/ Yoast SEO plugin. -->","yoast_head_json":{"title":"Estudio especializado en el sector gastron\u00f3mico en Barcelona","description":"Estamos especializados en el sector gastron\u00f3mico y en crear producciones para marcas, agencias, estudios o productoras, fotografia de alimentos, estilismo..","robots":{"index":"index","follow":"follow","max-snippet":"max-snippet:-1","max-image-preview":"max-image-preview:large","max-video-preview":"max-video-preview:-1"},"canonical":"https:\/\/kemafoodculture.com\/en\/servicios\/","og_locale":"en_GB","og_type":"article","og_title":"Estudio especializado en el sector gastron\u00f3mico en Barcelona","og_description":"Estamos especializados en el sector gastron\u00f3mico y en crear producciones para marcas, agencias, estudios o productoras, fotografia de alimentos, estilismo..","og_url":"https:\/\/kemafoodculture.com\/en\/servicios\/","og_site_name":"KEMA Food Culture","article_publisher":"https:\/\/www.facebook.com\/kemafoodculture?ref=hl","article_modified_time":"2026-03-12T17:01:02+00:00","twitter_card":"summary_large_image","twitter_misc":{"Estimated reading time":"2 minutes"},"schema":{"@context":"https:\/\/schema.org","@graph":[{"@type":"WebPage","@id":"https:\/\/kemafoodculture.com\/servicios\/","url":"https:\/\/kemafoodculture.com\/servicios\/","name":"Estudio especializado en el sector gastron\u00f3mico en Barcelona","isPartOf":{"@id":"https:\/\/kemafoodculture.com\/#website"},"datePublished":"2016-06-15T10:57:28+00:00","dateModified":"2026-03-12T17:01:02+00:00","description":"Estamos especializados en el sector gastron\u00f3mico y en crear producciones para marcas, agencias, estudios o productoras, fotografia de alimentos, estilismo..","breadcrumb":{"@id":"https:\/\/kemafoodculture.com\/servicios\/#breadcrumb"},"inLanguage":"en-GB","potentialAction":[{"@type":"ReadAction","target":["https:\/\/kemafoodculture.com\/servicios\/"]}]},{"@type":"BreadcrumbList","@id":"https:\/\/kemafoodculture.com\/servicios\/#breadcrumb","itemListElement":[{"@type":"ListItem","position":1,"name":"Portada","item":"https:\/\/kemafoodculture.com\/"},{"@type":"ListItem","position":2,"name":"SERVICIOS"}]},{"@type":"WebSite","@id":"https:\/\/kemafoodculture.com\/#website","url":"https:\/\/kemafoodculture.com\/","name":"KEMA Food Culture","description":"Food Photography Barcelona","publisher":{"@id":"https:\/\/kemafoodculture.com\/#organization"},"alternateName":"kemafoodculture.com","potentialAction":[{"@type":"SearchAction","target":{"@type":"EntryPoint","urlTemplate":"https:\/\/kemafoodculture.com\/?s={search_term_string}"},"query-input":{"@type":"PropertyValueSpecification","valueRequired":true,"valueName":"search_term_string"}}],"inLanguage":"en-GB"},{"@type":"Organization","@id":"https:\/\/kemafoodculture.com\/#organization","name":"Kema Food Culture","alternateName":"kemafoodculture.com","url":"https:\/\/kemafoodculture.com\/","logo":{"@type":"ImageObject","inLanguage":"en-GB","@id":"https:\/\/kemafoodculture.com\/#\/schema\/logo\/image\/","url":"https:\/\/kemafoodculture.com\/wp-content\/uploads\/2026\/03\/cropped-cropped-LOGO-NUEVO-2026_BLANCO.png","contentUrl":"https:\/\/kemafoodculture.com\/wp-content\/uploads\/2026\/03\/cropped-cropped-LOGO-NUEVO-2026_BLANCO.png","width":1000,"height":563,"caption":"Kema Food Culture"},"image":{"@id":"https:\/\/kemafoodculture.com\/#\/schema\/logo\/image\/"},"sameAs":["https:\/\/www.facebook.com\/kemafoodculture?ref=hl","https:\/\/www.instagram.com\/kema_foodculture\/","https:\/\/www.linkedin.com\/company\/kema-food-culture?trk=biz-companies-cym","https:\/\/es.pinterest.com\/kemafoodculture\/"]}]}},"_links":{"self":[{"href":"https:\/\/kemafoodculture.com\/en\/wp-json\/wp\/v2\/pages\/28002","targetHints":{"allow":["GET"]}}],"collection":[{"href":"https:\/\/kemafoodculture.com\/en\/wp-json\/wp\/v2\/pages"}],"about":[{"href":"https:\/\/kemafoodculture.com\/en\/wp-json\/wp\/v2\/types\/page"}],"author":[{"embeddable":true,"href":"https:\/\/kemafoodculture.com\/en\/wp-json\/wp\/v2\/users\/1"}],"replies":[{"embeddable":true,"href":"https:\/\/kemafoodculture.com\/en\/wp-json\/wp\/v2\/comments?post=28002"}],"version-history":[{"count":9,"href":"https:\/\/kemafoodculture.com\/en\/wp-json\/wp\/v2\/pages\/28002\/revisions"}],"predecessor-version":[{"id":34604,"href":"https:\/\/kemafoodculture.com\/en\/wp-json\/wp\/v2\/pages\/28002\/revisions\/34604"}],"wp:attachment":[{"href":"https:\/\/kemafoodculture.com\/en\/wp-json\/wp\/v2\/media?parent=28002"}],"curies":[{"name":"wp","href":"https:\/\/api.w.org\/{rel}","templated":true}]}}